{"id":254,"date":"2024-09-20T18:45:32","date_gmt":"2024-09-20T18:45:32","guid":{"rendered":"https:\/\/aeroport-dubai.com\/?page_id=254"},"modified":"2025-03-31T12:16:54","modified_gmt":"2025-03-31T12:16:54","slug":"cab","status":"publish","type":"page","link":"https:\/\/aeroport-dubai.com\/en\/transport\/taxi\/","title":{"rendered":"Cab"},"content":{"rendered":"<div data-elementor-type=\"wp-page\" data-elementor-id=\"254\" class=\"elementor elementor-254\" data-elementor-post-type=\"page\">\n\t\t\t\t\t\t<section class=\"elementor-section elementor-top-section elementor-element elementor-element-560def9f elementor-section-height-min-height elementor-section-boxed elementor-section-height-default elementor-section-items-middle\" data-id=\"560def9f\" data-element_type=\"section\" data-e-type=\"section\" data-settings=\"{&quot;background_background&quot;:&quot;classic&quot;}\">\n\t\t\t\t\t\t\t<div class=\"elementor-background-overlay\"><\/div>\n\t\t\t\t\t\t\t<div class=\"elementor-container elementor-column-gap-default\">\n\t\t\t\t\t<div class=\"elementor-column elementor-col-100 elementor-top-column elementor-element elementor-element-65c5d5e8\" data-id=\"65c5d5e8\" data-element_type=\"column\" data-e-type=\"column\">\n\t\t\t<div class=\"elementor-widget-wrap elementor-element-populated\">\n\t\t\t\t\t\t<div class=\"elementor-element elementor-element-58428f33 elementor-widget elementor-widget-heading\" data-id=\"58428f33\" data-element_type=\"widget\" data-e-type=\"widget\" data-widget_type=\"heading.default\">\n\t\t\t\t<div class=\"elementor-widget-container\">\n\t\t\t\t\t<h1 class=\"elementor-heading-title elementor-size-default\">Cab Aeroport Dubai<\/h1>\t\t\t\t<\/div>\n\t\t\t\t<\/div>\n\t\t\t\t<div class=\"elementor-element elementor-element-4e9a4b5f elementor-widget elementor-widget-heading\" data-id=\"4e9a4b5f\" data-element_type=\"widget\" data-e-type=\"widget\" data-widget_type=\"heading.default\">\n\t\t\t\t<div class=\"elementor-widget-container\">\n\t\t\t\t\t<p class=\"elementor-heading-title elementor-size-default\">All information on cab fares and rates, cab ranks and popular routes<\/p>\t\t\t\t<\/div>\n\t\t\t\t<\/div>\n\t\t\t\t<div class=\"elementor-element elementor-element-b8c40a3 elementor-align-center elementor-widget elementor-widget-button\" data-id=\"b8c40a3\" data-element_type=\"widget\" data-e-type=\"widget\" data-widget_type=\"button.default\">\n\t\t\t\t<div class=\"elementor-widget-container\">\n\t\t\t\t\t\t\t\t\t<div class=\"elementor-button-wrapper\">\n\t\t\t\t\t<a class=\"elementor-button elementor-button-link elementor-size-sm elementor-animation-grow\" href=\"#R\u00e9servez-taxi\">\n\t\t\t\t\t\t<span class=\"elementor-button-content-wrapper\">\n\t\t\t\t\t\t\t\t\t<span class=\"elementor-button-text\">Book A Taxi Now<\/span>\n\t\t\t\t\t<\/span>\n\t\t\t\t\t<\/a>\n\t\t\t\t<\/div>\n\t\t\t\t\t\t\t\t<\/div>\n\t\t\t\t<\/div>\n\t\t\t\t<div class=\"elementor-element elementor-element-3ea0628 elementor-view-default elementor-invisible elementor-widget elementor-widget-icon\" data-id=\"3ea0628\" data-element_type=\"widget\" data-e-type=\"widget\" data-settings=\"{&quot;_animation&quot;:&quot;fadeInDown&quot;,&quot;_animation_delay&quot;:500}\" data-widget_type=\"icon.default\">\n\t\t\t\t<div class=\"elementor-widget-container\">\n\t\t\t\t\t\t\t<div class=\"elementor-icon-wrapper\">\n\t\t\t<div class=\"elementor-icon\">\n\t\t\t<svg aria-hidden=\"true\" class=\"e-font-icon-svg e-fas-chevron-down\" viewbox=\"0 0 448 512\" xmlns=\"http:\/\/www.w3.org\/2000\/svg\"><path d=\"M207.029 381.476L12.686 187.132c-9.373-9.373-9.373-24.569 0-33.941l22.667-22.667c9.357-9.357 24.522-9.375 33.901-.04L224 284.505l154.745-154.021c9.379-9.335 24.544-9.317 33.901.04l22.667 22.667c9.373 9.373 9.373 24.569 0 33.941L240.971 381.476c-9.373 9.372-24.569 9.372-33.942 0z\"><\/path><\/svg>\t\t\t<\/div>\n\t\t<\/div>\n\t\t\t\t\t\t<\/div>\n\t\t\t\t<\/div>\n\t\t\t\t\t<\/div>\n\t\t<\/div>\n\t\t\t\t\t<\/div>\n\t\t<\/section>\n\t\t\t\t<section class=\"elementor-section elementor-top-section elementor-element elementor-element-5a5eef55 elementor-section-content-middle elementor-section-boxed elementor-section-height-default elementor-section-height-default\" data-id=\"5a5eef55\" data-element_type=\"section\" data-e-type=\"section\">\n\t\t\t\t\t\t<div class=\"elementor-container elementor-column-gap-default\">\n\t\t\t\t\t<div class=\"elementor-column elementor-col-50 elementor-top-column elementor-element elementor-element-d687afe\" data-id=\"d687afe\" data-element_type=\"column\" data-e-type=\"column\">\n\t\t\t<div class=\"elementor-widget-wrap elementor-element-populated\">\n\t\t\t\t\t\t<div class=\"elementor-element elementor-element-5f384c6 elementor-widget elementor-widget-text-editor\" data-id=\"5f384c6\" data-element_type=\"widget\" data-e-type=\"widget\" data-widget_type=\"text-editor.default\">\n\t\t\t\t<div class=\"elementor-widget-container\">\n\t\t\t\t\t\t\t\t\t<p><a href=\"https:\/\/aeroport-dubai.com\/\">Dubai International Airport<\/a> &gt;<a href=\"https:\/\/aeroport-dubai.com\/transport\/\"> Transport<\/a>\u00a0 \u00a0&gt; Taxis<\/p>\t\t\t\t\t\t\t\t<\/div>\n\t\t\t\t<\/div>\n\t\t\t\t<div class=\"elementor-element elementor-element-9a5997e elementor-widget elementor-widget-heading\" data-id=\"9a5997e\" data-element_type=\"widget\" data-e-type=\"widget\" data-widget_type=\"heading.default\">\n\t\t\t\t<div class=\"elementor-widget-container\">\n\t\t\t\t\t<h2 class=\"elementor-heading-title elementor-size-default\">Why take a cab from Dubai airport?<\/h2>\t\t\t\t<\/div>\n\t\t\t\t<\/div>\n\t\t\t\t<div class=\"elementor-element elementor-element-53c71dc elementor-widget elementor-widget-text-editor\" data-id=\"53c71dc\" data-element_type=\"widget\" data-e-type=\"widget\" data-widget_type=\"text-editor.default\">\n\t\t\t\t<div class=\"elementor-widget-container\">\n\t\t\t\t\t\t\t\t\t<p>Travelling by cab from Dubai International Airport (DXB) guarantees comfort and peace of mind. Unlike some major metropolises, Dubai's cabs are well organized and offer a reliable, professional service. Official cabs are easily recognizable by their cream color with a distinctly colored roof depending on the company (for example, red, blue or green). They are available 24 hours a day and provide direct routes to your hotel, guesthouse or any other address in the city.<\/p><p><strong>Door-to-door service :<\/strong><br \/>Airport cabs offer a convenient and secure service, particularly useful for visitors arriving in Dubai for the first time. Fares are regulated and start from AED 25 (approx. \u20ac6.25) from the airport, with additional charges calculated per kilometer. A trip to the city center generally costs between AED 60 and AED 100 (approx. \u20ac15 to \u20ac25). To be on the safe side, check approximate fares with the driver before you start your journey.<\/p><p><strong>Practical tips:<\/strong><br \/>Although Dubai's traffic flow is generally smooth, traffic jams can occur at peak times, especially around Downtown Dubai, the Marina district and the main shopping areas. Plan your travel accordingly to make the most of your stay in this spectacular city. \ud83d\ude96\ud83c\udf06<\/p>\t\t\t\t\t\t\t\t<\/div>\n\t\t\t\t<\/div>\n\t\t\t\t<div class=\"elementor-element elementor-element-c0e638c elementor-widget elementor-widget-image\" data-id=\"c0e638c\" data-element_type=\"widget\" data-e-type=\"widget\" data-widget_type=\"image.default\">\n\t\t\t\t<div class=\"elementor-widget-container\">\n\t\t\t\t\t\t\t\t\t\t\t\t\t\t\t<img fetchpriority=\"high\" decoding=\"async\" width=\"800\" height=\"539\" src=\"https:\/\/aeroport-dubai.com\/wp-content\/uploads\/2024\/12\/taxi-aeroport-dubai.jpg\" class=\"attachment-large size-large wp-image-784\" alt=\"\" srcset=\"https:\/\/aeroport-dubai.com\/wp-content\/uploads\/2024\/12\/taxi-aeroport-dubai.jpg 1013w, https:\/\/aeroport-dubai.com\/wp-content\/uploads\/2024\/12\/taxi-aeroport-dubai-300x202.jpg 300w, https:\/\/aeroport-dubai.com\/wp-content\/uploads\/2024\/12\/taxi-aeroport-dubai-768x518.jpg 768w\" sizes=\"(max-width: 800px) 100vw, 800px\" \/>\t\t\t\t\t\t\t\t\t\t\t\t\t\t\t<\/div>\n\t\t\t\t<\/div>\n\t\t\t\t<div class=\"elementor-element elementor-element-9b81026 elementor-widget elementor-widget-heading\" data-id=\"9b81026\" data-element_type=\"widget\" data-e-type=\"widget\" data-widget_type=\"heading.default\">\n\t\t\t\t<div class=\"elementor-widget-container\">\n\t\t\t\t\t<h2 class=\"elementor-heading-title elementor-size-default\">Dubai airport cab fares and rates<\/h2>\t\t\t\t<\/div>\n\t\t\t\t<\/div>\n\t\t\t\t<div class=\"elementor-element elementor-element-5f532f7 elementor-widget elementor-widget-text-editor\" data-id=\"5f532f7\" data-element_type=\"widget\" data-e-type=\"widget\" data-widget_type=\"text-editor.default\">\n\t\t\t\t<div class=\"elementor-widget-container\">\n\t\t\t\t\t\t\t\t\t<p>Cabs at Dubai International Airport (DXB) operate on a regulated fare basis, ensuring transparency and simplicity for travelers. Unlike the variable meter systems found in some major cities, DXB cabs apply fixed departure charges starting from AED 25 (approx. \u20ac6.25), with an additional cost calculated per kilometer depending on the final destination.<\/p><p><strong>Current rates :<\/strong><br \/>A trip from the airport to key destinations such as Downtown Dubai, the Marina or Deira generally costs between AED 60 and 150 (approx. \u20ac15 to \u20ac37), depending on distance and time of day. Night rates may be slightly higher, but no hidden toll charges apply. Tolls on main freeways (Salik) are added directly to the bill displayed on the meter.<\/p><p><strong>Practical tip:<\/strong><br \/>To avoid any misunderstandings, make sure the driver uses the meter right from the start of the journey. The journey from the airport to downtown Dubai takes around 15 to 30 minutes, depending on traffic conditions.<\/p><p><strong>Traffic management :<\/strong><br \/>Although Dubai is known for its modern, well-maintained roads, traffic jams are frequent at peak times, particularly in the morning (7am to 9am) and late afternoon (5pm to 7pm). Allow extra travel time to reach your destination stress-free. \ud83d\ude96\ud83c\udf07<\/p>\t\t\t\t\t\t\t\t<\/div>\n\t\t\t\t<\/div>\n\t\t\t\t<div class=\"elementor-element elementor-element-5b5425b elementor-align-left elementor-widget elementor-widget-button\" data-id=\"5b5425b\" data-element_type=\"widget\" data-e-type=\"widget\" data-widget_type=\"button.default\">\n\t\t\t\t<div class=\"elementor-widget-container\">\n\t\t\t\t\t\t\t\t\t<div class=\"elementor-button-wrapper\">\n\t\t\t\t\t<a class=\"elementor-button elementor-button-link elementor-size-sm elementor-animation-grow\" href=\"#R\u00e9servez-taxi\">\n\t\t\t\t\t\t<span class=\"elementor-button-content-wrapper\">\n\t\t\t\t\t\t\t\t\t<span class=\"elementor-button-text\">Book A Taxi Now<\/span>\n\t\t\t\t\t<\/span>\n\t\t\t\t\t<\/a>\n\t\t\t\t<\/div>\n\t\t\t\t\t\t\t\t<\/div>\n\t\t\t\t<\/div>\n\t\t\t\t<div class=\"elementor-element elementor-element-91d42cd elementor-widget elementor-widget-heading\" data-id=\"91d42cd\" data-element_type=\"widget\" data-e-type=\"widget\" data-widget_type=\"heading.default\">\n\t\t\t\t<div class=\"elementor-widget-container\">\n\t\t\t\t\t<h2 class=\"elementor-heading-title elementor-size-default\">Cab fares from Dubai airport to popular destinations<\/h2>\t\t\t\t<\/div>\n\t\t\t\t<\/div>\n\t\t\t\t<div class=\"elementor-element elementor-element-3ad0058 elementor-widget elementor-widget-text-editor\" data-id=\"3ad0058\" data-element_type=\"widget\" data-e-type=\"widget\" data-widget_type=\"text-editor.default\">\n\t\t\t\t<div class=\"elementor-widget-container\">\n\t\t\t\t\t\t\t\t\t<p>Here's an overview of cab fares from Dubai airport to the city's most popular destinations (in official cabs):<\/p>\t\t\t\t\t\t\t\t<\/div>\n\t\t\t\t<\/div>\n\t\t\t\t<div class=\"elementor-element elementor-element-713c268 elementor-widget elementor-widget-html\" data-id=\"713c268\" data-element_type=\"widget\" data-e-type=\"widget\" data-widget_type=\"html.default\">\n\t\t\t\t<div class=\"elementor-widget-container\">\n\t\t\t\t\t<!DOCTYPE html>\r\n<html lang=\"fr\">\r\n<head>\r\n  <meta charset=\"UTF-8\">\r\n  <meta name=\"viewport\" content=\"width=device-width, initial-scale=1.0\">\r\n  <title>Dubai Airport cab fares<\/title>\r\n<\/head>\r\n<body>\r\n\r\n<table border=\"1\" cellpadding=\"10\" cellspacing=\"0\">\r\n  <caption><strong>Cab fares from Dubai airport to popular destinations<\/strong><\/caption>\r\n  <thead>\r\n    <tr>\r\n      <th>Destination<\/th>\r\n      <th>Rates (in AED)<\/th>\r\n      <th>Estimated duration<\/th>\r\n    <\/tr>\r\n  <\/thead>\r\n  <tbody>\r\n    <tr>\r\n      <td>Burj Khalifa \/ Downtown Dubai<\/td>\r\n      <td>50 - 80 AED<\/td>\r\n      <td>15 to 25 minutes<\/td>\r\n    <\/tr>\r\n    <tr>\r\n      <td>Dubai Marina<\/td>\r\n      <td>100 - 150 AED<\/td>\r\n      <td>30 to 40 minutes<\/td>\r\n    <\/tr>\r\n    <tr>\r\n      <td>Palm Jumeirah<\/td>\r\n      <td>120 - 180 AED<\/td>\r\n      <td>35 to 45 minutes<\/td>\r\n    <\/tr>\r\n    <tr>\r\n      <td>Mall of the Emirates<\/td>\r\n      <td>70 - 100 AED<\/td>\r\n      <td>20 to 30 minutes<\/td>\r\n    <\/tr>\r\n    <tr>\r\n      <td>Dubai Creek<\/td>\r\n      <td>40 - 60 AED<\/td>\r\n      <td>15 to 20 minutes<\/td>\r\n    <\/tr>\r\n    <tr>\r\n      <td>Jumeirah Beach<\/td>\r\n      <td>80 - 120 AED<\/td>\r\n      <td>25 to 35 minutes<\/td>\r\n    <\/tr>\r\n  <\/tbody>\r\n<\/table>\r\n\r\n<\/body>\r\n<\/html>\r\n\t\t\t\t<\/div>\n\t\t\t\t<\/div>\n\t\t\t\t<div class=\"elementor-element elementor-element-1c973e2 elementor-widget elementor-widget-heading\" data-id=\"1c973e2\" data-element_type=\"widget\" data-e-type=\"widget\" data-widget_type=\"heading.default\">\n\t\t\t\t<div class=\"elementor-widget-container\">\n\t\t\t\t\t<h2 class=\"elementor-heading-title elementor-size-default\">Where is the cab rank at Dubai airport?<\/h2>\t\t\t\t<\/div>\n\t\t\t\t<\/div>\n\t\t\t\t<div class=\"elementor-element elementor-element-c3c07a3 elementor-widget elementor-widget-text-editor\" data-id=\"c3c07a3\" data-element_type=\"widget\" data-e-type=\"widget\" data-widget_type=\"text-editor.default\">\n\t\t\t\t<div class=\"elementor-widget-container\">\n\t\t\t\t\t\t\t\t\t<p>The cab rank at Dubai International Airport (DXB) is ideally located just outside the arrivals terminals, guaranteeing fast, convenient access for travelers. As soon as you leave the arrivals hall, you'll find a queue of official cabs, recognizable by their cream color, with different-colored roofs depending on the company (red, blue, green or pink for cabs dedicated to women and families).<\/p><p>These cabs are available 24 hours a day and provide direct services to key destinations such as <strong>Downtown Dubai<\/strong>, <strong>Deira<\/strong>, <strong>Jumeirah<\/strong>, or even nearby towns such as <strong>Sharjah<\/strong> and <strong>Abu Dhabi<\/strong>. Thanks to this continuous service, you can reach your destination quickly, no matter what time you arrive in Dubai.<\/p>\t\t\t\t\t\t\t\t<\/div>\n\t\t\t\t<\/div>\n\t\t\t\t<div class=\"elementor-element elementor-element-2b22d9c elementor-widget elementor-widget-heading\" data-id=\"2b22d9c\" data-element_type=\"widget\" data-e-type=\"widget\" data-widget_type=\"heading.default\">\n\t\t\t\t<div class=\"elementor-widget-container\">\n\t\t\t\t\t<h2 class=\"elementor-heading-title elementor-size-default\">Cab from Dubai airport to hotel<\/h2>\t\t\t\t<\/div>\n\t\t\t\t<\/div>\n\t\t\t\t<div class=\"elementor-element elementor-element-50738bc elementor-widget elementor-widget-text-editor\" data-id=\"50738bc\" data-element_type=\"widget\" data-e-type=\"widget\" data-widget_type=\"text-editor.default\">\n\t\t\t\t<div class=\"elementor-widget-container\">\n\t\t\t\t\t\t\t\t\t<p>Dubai International Airport cabs are a fast and convenient way to reach your destination as soon as you arrive. As you leave the arrivals terminal, you'll easily spot official cream-colored cabs with different-colored roofs, ready to take you wherever you want to go. A ride to downtown Dubai or the iconic districts such as Deira or Downtown usually costs between AED 50 and AED 100 (around \u20ac12 to \u20ac25), depending on distance and time of day.<\/p><p>These cabs are available 24 hours a day, giving you total flexibility, no matter what time you land. Door-to-door service allows you to arrive directly in front of your hotel, ideal if you have bulky luggage. Practical tip: To avoid any misunderstandings, ask the driver to activate the taximeter at the start of the journey, and make sure you have Emirates dirhams to pay for your trip.<\/p>\t\t\t\t\t\t\t\t<\/div>\n\t\t\t\t<\/div>\n\t\t\t\t<div class=\"elementor-element elementor-element-ad7a310 elementor-widget elementor-widget-heading\" data-id=\"ad7a310\" data-element_type=\"widget\" data-e-type=\"widget\" data-widget_type=\"heading.default\">\n\t\t\t\t<div class=\"elementor-widget-container\">\n\t\t\t\t\t<h2 class=\"elementor-heading-title elementor-size-default\">Dubai airport cab tips<\/h2>\t\t\t\t<\/div>\n\t\t\t\t<\/div>\n\t\t\t\t<div class=\"elementor-element elementor-element-082a4f4 elementor-widget elementor-widget-text-editor\" data-id=\"082a4f4\" data-element_type=\"widget\" data-e-type=\"widget\" data-widget_type=\"text-editor.default\">\n\t\t\t\t<div class=\"elementor-widget-container\">\n\t\t\t\t\t\t\t\t\t<p>Cabs at Dubai International Airport operate mainly on a cash basis, as credit cards are not always accepted. It is therefore advisable to have UAE dirhams on hand to pay for your journey. Although some drivers may accept other currencies such as euros or dollars, the exchange rate applied may be less advantageous.<\/p><h3>Useful tips for your cab journey in Dubai :<\/h3><p><strong>Cash payment recommended :<\/strong> Make sure you have enough dirhams, as payment by credit card is not guaranteed in all cabs.<\/p><p><strong>Taximeter required :<\/strong> Unlike some cities where fares are negotiated, cabs in Dubai use a regulated taximeter. Make sure the driver activates it as soon as you set off.<\/p><p><strong>Use a navigation application :<\/strong> Applications such as Google Maps or Waze can help you follow the route and make sure the driver takes the quickest route.<\/p><p><strong>Optional tip :<\/strong> Although not obligatory, tipping is common practice. Rounding up to the nearest dirham is often appreciated.<\/p><p><strong>Precise address:<\/strong> Write down the exact address of your destination in English or Arabic, as some drivers may have difficulty locating complex addresses.<\/p><p><strong>Avoid rush hour:<\/strong> If possible, avoid taking a cab between 7:00 and 9:00 am and between 5:00 and 7:00 pm, as traffic can be particularly heavy around business districts such as Downtown and the Marina.<\/p><p><strong>Official cabs only:<\/strong> Never get into an unlicensed vehicle. Use official airport cabs or book in advance via reliable apps like Careem or Uber for a safe, worry-free ride.<\/p>\t\t\t\t\t\t\t\t<\/div>\n\t\t\t\t<\/div>\n\t\t\t\t<div class=\"elementor-element elementor-element-a9429c6 elementor-widget elementor-widget-heading\" data-id=\"a9429c6\" data-element_type=\"widget\" data-e-type=\"widget\" data-widget_type=\"heading.default\">\n\t\t\t\t<div class=\"elementor-widget-container\">\n\t\t\t\t\t<h2 class=\"elementor-heading-title elementor-size-default\">FAQ <\/h2>\t\t\t\t<\/div>\n\t\t\t\t<\/div>\n\t\t\t\t<div class=\"elementor-element elementor-element-c754e31 elementor-widget elementor-widget-heading\" data-id=\"c754e31\" data-element_type=\"widget\" data-e-type=\"widget\" data-widget_type=\"heading.default\">\n\t\t\t\t<div class=\"elementor-widget-container\">\n\t\t\t\t\t<h3 class=\"elementor-heading-title elementor-size-default\">How much does a cab cost from Dubai airport to the city center?<\/h3>\t\t\t\t<\/div>\n\t\t\t\t<\/div>\n\t\t\t\t<div class=\"elementor-element elementor-element-5027b02 elementor-widget elementor-widget-text-editor\" data-id=\"5027b02\" data-element_type=\"widget\" data-e-type=\"widget\" data-widget_type=\"text-editor.default\">\n\t\t\t\t<div class=\"elementor-widget-container\">\n\t\t\t\t\t\t\t\t\t<p>The cost of a cab from Dubai International Airport to the city center usually varies between AED 50 and AED 100 (around \u20ac12 to \u20ac25), depending on the time of day, traffic and exact destination.<\/p>\t\t\t\t\t\t\t\t<\/div>\n\t\t\t\t<\/div>\n\t\t\t\t<div class=\"elementor-element elementor-element-2fcfc36 elementor-widget elementor-widget-heading\" data-id=\"2fcfc36\" data-element_type=\"widget\" data-e-type=\"widget\" data-widget_type=\"heading.default\">\n\t\t\t\t<div class=\"elementor-widget-container\">\n\t\t\t\t\t<h3 class=\"elementor-heading-title elementor-size-default\">Are there cabs or buses from the airport to Dubai Medina?<\/h3>\t\t\t\t<\/div>\n\t\t\t\t<\/div>\n\t\t\t\t<div class=\"elementor-element elementor-element-fc87b10 elementor-widget elementor-widget-text-editor\" data-id=\"fc87b10\" data-element_type=\"widget\" data-e-type=\"widget\" data-widget_type=\"text-editor.default\">\n\t\t\t\t<div class=\"elementor-widget-container\">\n\t\t\t\t\t\t\t\t\t<p>Yes, there are cabs and buses connecting Dubai International Airport with the city's main destinations:\u00a0<\/p><ul><li><strong>Official cabs :<\/strong> Available 24 hours a day, costing between AED 50 and AED 100 for 15 to 25 minutes to the city center.<\/li><li><strong>Private transfers :<\/strong> Book in advance for personalized, no-wait service, ideal for groups or families.<\/li><li><strong>Dubai Metro:<\/strong> Direct from Terminals 1 and 3, from 5 to 8 AED depending on distance.<\/li><li><strong>RTA bus :<\/strong> Trips to several neighborhoods for around 3 AED, lasting 45 to 60 minutes.<\/li><\/ul><p><strong>Tip:<\/strong> Have some dirhams in cash and confirm the fare before you go up.<\/p>\t\t\t\t\t\t\t\t<\/div>\n\t\t\t\t<\/div>\n\t\t\t\t<div class=\"elementor-element elementor-element-235dc49 elementor-widget elementor-widget-heading\" data-id=\"235dc49\" data-element_type=\"widget\" data-e-type=\"widget\" data-widget_type=\"heading.default\">\n\t\t\t\t<div class=\"elementor-widget-container\">\n\t\t\t\t\t<h3 class=\"elementor-heading-title elementor-size-default\">How much does a cab cost from Dubai airport to Jumeirah Beach?<\/h3>\t\t\t\t<\/div>\n\t\t\t\t<\/div>\n\t\t\t\t<div class=\"elementor-element elementor-element-d9d1d5b elementor-widget elementor-widget-text-editor\" data-id=\"d9d1d5b\" data-element_type=\"widget\" data-e-type=\"widget\" data-widget_type=\"text-editor.default\">\n\t\t\t\t<div class=\"elementor-widget-container\">\n\t\t\t\t\t\t\t\t\t<p>Cab fare from Dubai airport (DXB) to Jumeirah Beach costs approx. <strong>89 AED<\/strong> (about <strong>22 \u20ac<\/strong>), based on a distance of 32 km. The basic fare is <strong>12 AED<\/strong>, with <strong>2.8 AED\/km<\/strong>. Prices may vary according to traffic and time of day.<\/p>\t\t\t\t\t\t\t\t<\/div>\n\t\t\t\t<\/div>\n\t\t\t\t<div class=\"elementor-element elementor-element-cc29801 elementor-widget elementor-widget-heading\" data-id=\"cc29801\" data-element_type=\"widget\" data-e-type=\"widget\" data-widget_type=\"heading.default\">\n\t\t\t\t<div class=\"elementor-widget-container\">\n\t\t\t\t\t<h3 class=\"elementor-heading-title elementor-size-default\">Do cabs accept credit cards in Dubai?<\/h3>\t\t\t\t<\/div>\n\t\t\t\t<\/div>\n\t\t\t\t<div class=\"elementor-element elementor-element-9af5546 elementor-widget elementor-widget-text-editor\" data-id=\"9af5546\" data-element_type=\"widget\" data-e-type=\"widget\" data-widget_type=\"text-editor.default\">\n\t\t\t\t<div class=\"elementor-widget-container\">\n\t\t\t\t\t\t\t\t\t<p>Yes, most cabs in Dubai accept <strong>credit cards<\/strong> as well as <strong>contactless payments<\/strong> via applications such as <strong>Apple Pay<\/strong> and <strong>Google Pay<\/strong>. However, it is advisable to check with the driver before starting the journey, as some cabs may still prefer cash payments.<\/p>\t\t\t\t\t\t\t\t<\/div>\n\t\t\t\t<\/div>\n\t\t\t\t\t<\/div>\n\t\t<\/div>\n\t\t\t\t<div class=\"elementor-column elementor-col-50 elementor-top-column elementor-element elementor-element-4b56e3a9\" data-id=\"4b56e3a9\" data-element_type=\"column\" data-e-type=\"column\" data-settings=\"{&quot;background_background&quot;:&quot;classic&quot;}\">\n\t\t\t<div class=\"elementor-widget-wrap elementor-element-populated\">\n\t\t\t\t\t\t<div class=\"elementor-element elementor-element-91a9a53 elementor-widget elementor-widget-menu-anchor\" data-id=\"91a9a53\" data-element_type=\"widget\" data-e-type=\"widget\" data-widget_type=\"menu-anchor.default\">\n\t\t\t\t<div class=\"elementor-widget-container\">\n\t\t\t\t\t\t\t<div class=\"elementor-menu-anchor\" id=\"Rservez-taxi\"><\/div>\n\t\t\t\t\t\t<\/div>\n\t\t\t\t<\/div>\n\t\t\t\t<div class=\"elementor-element elementor-element-566942f elementor-widget elementor-widget-heading\" data-id=\"566942f\" data-element_type=\"widget\" data-e-type=\"widget\" data-widget_type=\"heading.default\">\n\t\t\t\t<div class=\"elementor-widget-container\">\n\t\t\t\t\t<h2 class=\"elementor-heading-title elementor-size-default\">Book your cab now<\/h2>\t\t\t\t<\/div>\n\t\t\t\t<\/div>\n\t\t\t\t<div class=\"elementor-element elementor-element-5b18669 elementor-widget elementor-widget-shortcode\" data-id=\"5b18669\" data-element_type=\"widget\" data-e-type=\"widget\" data-widget_type=\"shortcode.default\">\n\t\t\t\t<div class=\"elementor-widget-container\">\n\t\t\t\t\t\t\t<div class=\"elementor-shortcode\"><div id=\"welcomepickups\">\n\n<script type=\"text\/props\">\n\n{\n\n\"city_name\":\"dubai\",\n\n\"partner_id\":\"63468\",\n\n\"locale\":\"fr\",\n\n\"\":\"\"\n\n}\n\n\n<\/script>\n\n<\/div>\n\n<script src=\" https:\/\/cdn.b2b.welcomepickups.com\/widget\/bundle.js\"><\/script>\n\n<\/div>\n\t\t\t\t\t\t<\/div>\n\t\t\t\t<\/div>\n\t\t\t\t\t<\/div>\n\t\t<\/div>\n\t\t\t\t\t<\/div>\n\t\t<\/section>\n\t\t\t\t<\/div>","protected":false},"excerpt":{"rendered":"<p>Taxi Aeroport Dubai Toutes les informations sur les tarifs et les prix des taxis, les stations de taxis et les itin\u00e9raires populaires R\u00e9servez Un Taxi Maintenant A\u00e9roport international de Duba\u00ef &gt; Transport\u00a0 \u00a0&gt; Taxis Pourquoi prendre un taxi \u00e0 l&rsquo;a\u00e9roport de Dubai Voyager en taxi depuis l\u2019a\u00e9roport international de Duba\u00ef (DXB) vous garantit confort et [&hellip;]<\/p>\n","protected":false},"author":1,"featured_media":0,"parent":113,"menu_order":0,"comment_status":"closed","ping_status":"closed","template":"","meta":{"_joinchat":[],"footnotes":""},"class_list":["post-254","page","type-page","status-publish","hentry"],"_links":{"self":[{"href":"https:\/\/aeroport-dubai.com\/en\/wp-json\/wp\/v2\/pages\/254","targetHints":{"allow":["GET"]}}],"collection":[{"href":"https:\/\/aeroport-dubai.com\/en\/wp-json\/wp\/v2\/pages"}],"about":[{"href":"https:\/\/aeroport-dubai.com\/en\/wp-json\/wp\/v2\/types\/page"}],"author":[{"embeddable":true,"href":"https:\/\/aeroport-dubai.com\/en\/wp-json\/wp\/v2\/users\/1"}],"replies":[{"embeddable":true,"href":"https:\/\/aeroport-dubai.com\/en\/wp-json\/wp\/v2\/comments?post=254"}],"version-history":[{"count":57,"href":"https:\/\/aeroport-dubai.com\/en\/wp-json\/wp\/v2\/pages\/254\/revisions"}],"predecessor-version":[{"id":854,"href":"https:\/\/aeroport-dubai.com\/en\/wp-json\/wp\/v2\/pages\/254\/revisions\/854"}],"up":[{"embeddable":true,"href":"https:\/\/aeroport-dubai.com\/en\/wp-json\/wp\/v2\/pages\/113"}],"wp:attachment":[{"href":"https:\/\/aeroport-dubai.com\/en\/wp-json\/wp\/v2\/media?parent=254"}],"curies":[{"name":"wp","href":"https:\/\/api.w.org\/{rel}","templated":true}]}}