{"id":232,"date":"2024-09-20T17:28:30","date_gmt":"2024-09-20T17:28:30","guid":{"rendered":"https:\/\/aeroport-dubai.com\/?page_id=232"},"modified":"2024-12-12T12:16:01","modified_gmt":"2024-12-12T12:16:01","slug":"airline-companies","status":"publish","type":"page","link":"https:\/\/aeroport-dubai.com\/en\/vols\/compagnies-aeriennes\/","title":{"rendered":"Airlines"},"content":{"rendered":"\t\t<div data-elementor-type=\"wp-page\" data-elementor-id=\"232\" class=\"elementor elementor-232\" data-elementor-post-type=\"page\">\n\t\t\t\t\t\t<section class=\"elementor-section elementor-top-section elementor-element elementor-element-560def9f elementor-section-height-min-height elementor-section-boxed elementor-section-height-default elementor-section-items-middle\" data-id=\"560def9f\" data-element_type=\"section\" data-e-type=\"section\" data-settings=\"{&quot;background_background&quot;:&quot;classic&quot;}\">\n\t\t\t\t\t\t\t<div class=\"elementor-background-overlay\"><\/div>\n\t\t\t\t\t\t\t<div class=\"elementor-container elementor-column-gap-default\">\n\t\t\t\t\t<div class=\"elementor-column elementor-col-100 elementor-top-column elementor-element elementor-element-65c5d5e8\" data-id=\"65c5d5e8\" data-element_type=\"column\" data-e-type=\"column\">\n\t\t\t<div class=\"elementor-widget-wrap elementor-element-populated\">\n\t\t\t\t\t\t<div class=\"elementor-element elementor-element-58428f33 elementor-widget elementor-widget-heading\" data-id=\"58428f33\" data-element_type=\"widget\" data-e-type=\"widget\" data-widget_type=\"heading.default\">\n\t\t\t\t<div class=\"elementor-widget-container\">\n\t\t\t\t\t<h1 class=\"elementor-heading-title elementor-size-default\">Compagnies A\u00e9riennes\n<\/h1>\t\t\t\t<\/div>\n\t\t\t\t<\/div>\n\t\t\t\t<div class=\"elementor-element elementor-element-4e9a4b5f elementor-widget elementor-widget-heading\" data-id=\"4e9a4b5f\" data-element_type=\"widget\" data-e-type=\"widget\" data-widget_type=\"heading.default\">\n\t\t\t\t<div class=\"elementor-widget-container\">\n\t\t\t\t\t<p class=\"elementor-heading-title elementor-size-default\">Une liste compl\u00e8te de toutes les compagnies a\u00e9riennes desservies par l\u2019a\u00e9roport international de Duba\u00ef\n<\/p>\t\t\t\t<\/div>\n\t\t\t\t<\/div>\n\t\t\t\t<div class=\"elementor-element elementor-element-3ea0628 elementor-view-default elementor-invisible elementor-widget elementor-widget-icon\" data-id=\"3ea0628\" data-element_type=\"widget\" data-e-type=\"widget\" data-settings=\"{&quot;_animation&quot;:&quot;fadeInDown&quot;,&quot;_animation_delay&quot;:500}\" data-widget_type=\"icon.default\">\n\t\t\t\t<div class=\"elementor-widget-container\">\n\t\t\t\t\t\t\t<div class=\"elementor-icon-wrapper\">\n\t\t\t<div class=\"elementor-icon\">\n\t\t\t<svg aria-hidden=\"true\" class=\"e-font-icon-svg e-fas-chevron-down\" viewBox=\"0 0 448 512\" xmlns=\"http:\/\/www.w3.org\/2000\/svg\"><path d=\"M207.029 381.476L12.686 187.132c-9.373-9.373-9.373-24.569 0-33.941l22.667-22.667c9.357-9.357 24.522-9.375 33.901-.04L224 284.505l154.745-154.021c9.379-9.335 24.544-9.317 33.901.04l22.667 22.667c9.373 9.373 9.373 24.569 0 33.941L240.971 381.476c-9.373 9.372-24.569 9.372-33.942 0z\"><\/path><\/svg>\t\t\t<\/div>\n\t\t<\/div>\n\t\t\t\t\t\t<\/div>\n\t\t\t\t<\/div>\n\t\t\t\t\t<\/div>\n\t\t<\/div>\n\t\t\t\t\t<\/div>\n\t\t<\/section>\n\t\t\t\t<section class=\"elementor-section elementor-top-section elementor-element elementor-element-5a5eef55 elementor-section-content-middle elementor-section-boxed elementor-section-height-default elementor-section-height-default\" data-id=\"5a5eef55\" data-element_type=\"section\" data-e-type=\"section\">\n\t\t\t\t\t\t<div class=\"elementor-container elementor-column-gap-default\">\n\t\t\t\t\t<div class=\"elementor-column elementor-col-50 elementor-top-column elementor-element elementor-element-d687afe\" data-id=\"d687afe\" data-element_type=\"column\" data-e-type=\"column\">\n\t\t\t<div class=\"elementor-widget-wrap elementor-element-populated\">\n\t\t\t\t\t\t<div class=\"elementor-element elementor-element-5f384c6 elementor-widget elementor-widget-text-editor\" data-id=\"5f384c6\" data-element_type=\"widget\" data-e-type=\"widget\" data-widget_type=\"text-editor.default\">\n\t\t\t\t<div class=\"elementor-widget-container\">\n\t\t\t\t\t\t\t\t\t<p><strong><a href=\"https:\/\/aeroport-dubai.com\/\">A\u00e9roport international de Duba\u00ef<\/a><\/strong> &gt; <a href=\"https:\/\/aeroport-dubai.com\/vols\/\">Vols<\/a><strong> &gt; Compagnies a\u00e9riennes<\/strong><\/p>\t\t\t\t\t\t\t\t<\/div>\n\t\t\t\t<\/div>\n\t\t\t\t<div class=\"elementor-element elementor-element-9a5997e elementor-widget elementor-widget-heading\" data-id=\"9a5997e\" data-element_type=\"widget\" data-e-type=\"widget\" data-widget_type=\"heading.default\">\n\t\t\t\t<div class=\"elementor-widget-container\">\n\t\t\t\t\t<h2 class=\"elementor-heading-title elementor-size-default\">Compagnies a\u00e9riennes op\u00e9rant \u00e0 l'A\u00e9roport international de Duba\u00ef<\/h2>\t\t\t\t<\/div>\n\t\t\t\t<\/div>\n\t\t\t\t<div class=\"elementor-element elementor-element-348639b elementor-widget elementor-widget-text-editor\" data-id=\"348639b\" data-element_type=\"widget\" data-e-type=\"widget\" data-widget_type=\"text-editor.default\">\n\t\t\t\t<div class=\"elementor-widget-container\">\n\t\t\t\t\t\t\t\t\t<p>L&rsquo;a\u00e9roport international de Duba\u00ef est l&rsquo;un des plus importants hubs a\u00e9riens du Moyen-Orient, g\u00e9rant la majorit\u00e9 des vols \u00e0 destination et en provenance de la ville. Bien qu&rsquo;il n&rsquo;existe pas de second a\u00e9roport commercial majeur \u00e0 proximit\u00e9 imm\u00e9diate, DXB joue un r\u00f4le crucial dans le d\u00e9veloppement du tourisme et des affaires aux \u00c9mirats arabes unis. De nombreuses grandes compagnies a\u00e9riennes internationales et locales, y compris des transporteurs \u00e0 bas co\u00fbt, assurent des liaisons fr\u00e9quentes vers cet a\u00e9roport strat\u00e9gique.<\/p>\t\t\t\t\t\t\t\t<\/div>\n\t\t\t\t<\/div>\n\t\t\t\t<div class=\"elementor-element elementor-element-67706e6 elementor-widget elementor-widget-html\" data-id=\"67706e6\" data-element_type=\"widget\" data-e-type=\"widget\" data-widget_type=\"html.default\">\n\t\t\t\t<div class=\"elementor-widget-container\">\n\t\t\t\t\t<table border=\"1\">\r\n  <thead>\r\n    <tr>\r\n      <th>Airline<\/th>\r\n      <th>IATA Code<\/th>\r\n      <th>Terminal<\/th>\r\n      <th>Website<\/th>\r\n    <\/tr>\r\n  <\/thead>\r\n  <tbody>\r\n    <tr>\r\n      <td>Aeroflot<\/td>\r\n      <td>SU<\/td>\r\n      <td>Terminal 1<\/td>\r\n      <td><a href=\"https:\/\/www.aeroflot.ru\" target=\"_blank\" rel=\"nofollow noopener\">Visit Website<\/a><\/td>\r\n    <\/tr>\r\n    <tr>\r\n      <td>Air Algerie<\/td>\r\n      <td>AH<\/td>\r\n      <td>Terminal 1<\/td>\r\n      <td><a href=\"https:\/\/www.airalgerie.dz\" target=\"_blank\" rel=\"nofollow noopener\">Visit Website<\/a><\/td>\r\n    <\/tr>\r\n    <tr>\r\n      <td>Air India<\/td>\r\n      <td>AI<\/td>\r\n      <td>Terminal 1<\/td>\r\n      <td><a href=\"https:\/\/www.airindia.in\" target=\"_blank\" rel=\"nofollow noopener\">Visit Website<\/a><\/td>\r\n    <\/tr>\r\n    <tr>\r\n      <td>Air India Express<\/td>\r\n      <td>IX<\/td>\r\n      <td>Terminal 2<\/td>\r\n      <td><a href=\"https:\/\/www.airindiaexpress.in\" target=\"_blank\" rel=\"nofollow noopener\">Visit Website<\/a><\/td>\r\n    <\/tr>\r\n    <tr>\r\n      <td>Air France<\/td>\r\n      <td>AF<\/td>\r\n      <td>Terminal 1<\/td>\r\n      <td><a href=\"https:\/\/www.airfrance.com\" target=\"_blank\" rel=\"nofollow noopener\">Visit Website<\/a><\/td>\r\n    <\/tr>\r\n    <tr>\r\n      <td>British Airways<\/td>\r\n      <td>BA<\/td>\r\n      <td>Terminal 1<\/td>\r\n      <td><a href=\"https:\/\/www.britishairways.com\" target=\"_blank\" rel=\"nofollow noopener\">Visit Website<\/a><\/td>\r\n    <\/tr>\r\n    <tr>\r\n      <td>Cathay Pacific<\/td>\r\n      <td>CX<\/td>\r\n      <td>Terminal 1<\/td>\r\n      <td><a href=\"https:\/\/www.cathaypacific.com\" target=\"_blank\" rel=\"nofollow noopener\">Visit Website<\/a><\/td>\r\n    <\/tr>\r\n    <tr>\r\n      <td>EgyptAir<\/td>\r\n      <td>MS<\/td>\r\n      <td>Terminal 1<\/td>\r\n      <td><a href=\"https:\/\/www.egyptair.com\" target=\"_blank\" rel=\"nofollow noopener\">Visit Website<\/a><\/td>\r\n    <\/tr>\r\n    <tr>\r\n      <td>Emirates<\/td>\r\n      <td>EK<\/td>\r\n      <td>Terminal 3<\/td>\r\n      <td><a href=\"https:\/\/www.emirates.com\" target=\"_blank\" rel=\"nofollow noopener\">Visit Website<\/a><\/td>\r\n    <\/tr>\r\n    <tr>\r\n      <td>Ethiopian Airlines<\/td>\r\n      <td>ET<\/td>\r\n      <td>Terminal 1<\/td>\r\n      <td><a href=\"https:\/\/www.ethiopianairlines.com\" target=\"_blank\" rel=\"nofollow noopener\">Visit Website<\/a><\/td>\r\n    <\/tr>\r\n    <tr>\r\n      <td>flydubai<\/td>\r\n      <td>FZ<\/td>\r\n      <td>Terminal 2<\/td>\r\n      <td><a href=\"https:\/\/www.flydubai.com\" target=\"_blank\" rel=\"nofollow noopener\">Visit Website<\/a><\/td>\r\n    <\/tr>\r\n    <tr>\r\n      <td>Gulf Air<\/td>\r\n      <td>GF<\/td>\r\n      <td>Terminal 1<\/td>\r\n      <td><a href=\"https:\/\/www.gulfair.com\" target=\"_blank\" rel=\"nofollow noopener\">Visit Website<\/a><\/td>\r\n    <\/tr>\r\n    <tr>\r\n      <td>IndiGo<\/td>\r\n      <td>6E<\/td>\r\n      <td>Terminal 1<\/td>\r\n      <td><a href=\"https:\/\/www.goindigo.in\" target=\"_blank\" rel=\"nofollow noopener\">Visit Website<\/a><\/td>\r\n    <\/tr>\r\n    <tr>\r\n      <td>Iran Air<\/td>\r\n      <td>IR<\/td>\r\n      <td>Terminal 1<\/td>\r\n      <td><a href=\"https:\/\/www.iranair.com\" target=\"_blank\" rel=\"nofollow noopener\">Visit Website<\/a><\/td>\r\n    <\/tr>\r\n    <tr>\r\n      <td>Jazeera Airways<\/td>\r\n      <td>J9<\/td>\r\n      <td>Terminal 1<\/td>\r\n      <td><a href=\"https:\/\/www.jazeeraairways.com\" target=\"_blank\" rel=\"nofollow noopener\">Visit Website<\/a><\/td>\r\n    <\/tr>\r\n    <tr>\r\n      <td>KLM<\/td>\r\n      <td>KL<\/td>\r\n      <td>Terminal 1<\/td>\r\n      <td><a href=\"https:\/\/www.klm.com\" target=\"_blank\" rel=\"nofollow noopener\">Visit Website<\/a><\/td>\r\n    <\/tr>\r\n    <tr>\r\n      <td>Kuwait Airways<\/td>\r\n      <td>KU<\/td>\r\n      <td>Terminal 1<\/td>\r\n      <td><a href=\"https:\/\/www.kuwaitairways.com\" target=\"_blank\" rel=\"nofollow noopener\">Visit Website<\/a><\/td>\r\n    <\/tr>\r\n    <tr>\r\n      <td>Lufthansa<\/td>\r\n      <td>LH<\/td>\r\n      <td>Terminal 1<\/td>\r\n      <td><a href=\"https:\/\/www.lufthansa.com\" target=\"_blank\" rel=\"nofollow noopener\">Visit Website<\/a><\/td>\r\n    <\/tr>\r\n    <tr>\r\n      <td>Oman Air<\/td>\r\n      <td>WY<\/td>\r\n      <td>Terminal 1<\/td>\r\n      <td><a href=\"https:\/\/www.omanair.com\" target=\"_blank\" rel=\"nofollow noopener\">Visit Website<\/a><\/td>\r\n    <\/tr>\r\n    <tr>\r\n      <td>Pakistan International Airlines<\/td>\r\n      <td>PK<\/td>\r\n      <td>Terminal 1<\/td>\r\n      <td><a href=\"https:\/\/www.piac.com.pk\" target=\"_blank\" rel=\"nofollow noopener\">Visit Website<\/a><\/td>\r\n    <\/tr>\r\n    <tr>\r\n      <td>Qatar Airways<\/td>\r\n      <td>QR<\/td>\r\n      <td>Terminal 1<\/td>\r\n      <td><a href=\"https:\/\/www.qatarairways.com\" target=\"_blank\" rel=\"nofollow noopener\">Visit Website<\/a><\/td>\r\n    <\/tr>\r\n    <tr>\r\n      <td>Royal Jordanian<\/td>\r\n      <td>RJ<\/td>\r\n      <td>Terminal 1<\/td>\r\n      <td><a href=\"\r\n::contentReference[oaicite:0]{index=0}\r\n \r\n\t\t\t\t<\/div>\n\t\t\t\t<\/div>\n\t\t\t\t\t<\/div>\n\t\t<\/div>\n\t\t\t\t<div class=\"elementor-column elementor-col-50 elementor-top-column elementor-element elementor-element-4b56e3a9\" data-id=\"4b56e3a9\" data-element_type=\"column\" data-e-type=\"column\" data-settings=\"{&quot;background_background&quot;:&quot;classic&quot;}\">\n\t\t\t<div class=\"elementor-widget-wrap\">\n\t\t\t\t\t\t\t<\/div>\n\t\t<\/div>\n\t\t\t\t\t<\/div>\n\t\t<\/section>\n\t\t\t\t<section class=\"elementor-section elementor-top-section elementor-element elementor-element-36bdf1ab elementor-section-boxed elementor-section-height-default elementor-section-height-default\" data-id=\"36bdf1ab\" data-element_type=\"section\" data-e-type=\"section\" data-settings=\"{&quot;background_background&quot;:&quot;classic&quot;}\">\n\t\t\t\t\t\t<div class=\"elementor-container elementor-column-gap-default\">\n\t\t\t\t\t<div class=\"elementor-column elementor-col-100 elementor-top-column elementor-element elementor-element-681e127f\" data-id=\"681e127f\" data-element_type=\"column\" data-e-type=\"column\">\n\t\t\t<div class=\"elementor-widget-wrap elementor-element-populated\">\n\t\t\t\t\t\t<section class=\"elementor-section elementor-inner-section elementor-element elementor-element-27b0f6b2 elementor-section-boxed elementor-section-height-default elementor-section-height-default\" data-id=\"27b0f6b2\" data-element_type=\"section\" data-e-type=\"section\">\n\t\t\t\t\t\t<div class=\"elementor-container elementor-column-gap-default\">\n\t\t\t\t\t<div class=\"elementor-column elementor-col-33 elementor-inner-column elementor-element elementor-element-50766779\" data-id=\"50766779\" data-element_type=\"column\" data-e-type=\"column\">\n\t\t\t<div class=\"elementor-widget-wrap elementor-element-populated\">\n\t\t\t\t\t\t<div class=\"elementor-element elementor-element-fe9502c elementor-view-stacked elementor-shape-square elementor-widget elementor-widget-icon\" data-id=\"fe9502c\" data-element_type=\"widget\" data-e-type=\"widget\" data-widget_type=\"icon.default\">\n\t\t\t\t<div class=\"elementor-widget-container\">\n\t\t\t\t\t\t\t<div class=\"elementor-icon-wrapper\">\n\t\t\t<div class=\"elementor-icon\">\n\t\t\t<svg aria-hidden=\"true\" class=\"e-font-icon-svg e-fas-passport\" viewBox=\"0 0 448 512\" xmlns=\"http:\/\/www.w3.org\/2000\/svg\"><path d=\"M129.62 176h39.09c1.49-27.03 6.54-51.35 14.21-70.41-27.71 13.24-48.02 39.19-53.3 70.41zm0 32c5.29 31.22 25.59 57.17 53.3 70.41-7.68-19.06-12.72-43.38-14.21-70.41h-39.09zM224 286.69c7.69-7.45 20.77-34.42 23.43-78.69h-46.87c2.67 44.26 15.75 71.24 23.44 78.69zM200.57 176h46.87c-2.66-44.26-15.74-71.24-23.43-78.69-7.7 7.45-20.78 34.43-23.44 78.69zm64.51 102.41c27.71-13.24 48.02-39.19 53.3-70.41h-39.09c-1.49 27.03-6.53 51.35-14.21 70.41zM416 0H64C28.65 0 0 28.65 0 64v384c0 35.35 28.65 64 64 64h352c17.67 0 32-14.33 32-32V32c0-17.67-14.33-32-32-32zm-80 416H112c-8.8 0-16-7.2-16-16s7.2-16 16-16h224c8.8 0 16 7.2 16 16s-7.2 16-16 16zm-112-96c-70.69 0-128-57.31-128-128S153.31 64 224 64s128 57.31 128 128-57.31 128-128 128zm41.08-214.41c7.68 19.06 12.72 43.38 14.21 70.41h39.09c-5.28-31.22-25.59-57.17-53.3-70.41z\"><\/path><\/svg>\t\t\t<\/div>\n\t\t<\/div>\n\t\t\t\t\t\t<\/div>\n\t\t\t\t<\/div>\n\t\t\t\t<div class=\"elementor-element elementor-element-2bd0f412 elementor-widget elementor-widget-counter\" data-id=\"2bd0f412\" data-element_type=\"widget\" data-e-type=\"widget\" data-widget_type=\"counter.default\">\n\t\t\t\t<div class=\"elementor-widget-container\">\n\t\t\t\t\t\t\t<div class=\"elementor-counter\">\n\t\t\t<div class=\"elementor-counter-title\">VISA APPROUV\u00c9<\/div>\t\t\t<div class=\"elementor-counter-number-wrapper\">\n\t\t\t\t<span class=\"elementor-counter-number-prefix\"><\/span>\n\t\t\t\t<span class=\"elementor-counter-number\" data-duration=\"2000\" data-to-value=\"10450\" data-from-value=\"0\" data-delimiter=\",\">0<\/span>\n\t\t\t\t<span class=\"elementor-counter-number-suffix\"><\/span>\n\t\t\t<\/div>\n\t\t<\/div>\n\t\t\t\t\t\t<\/div>\n\t\t\t\t<\/div>\n\t\t\t\t\t<\/div>\n\t\t<\/div>\n\t\t\t\t<div class=\"elementor-column elementor-col-33 elementor-inner-column elementor-element elementor-element-536f92f7\" data-id=\"536f92f7\" data-element_type=\"column\" data-e-type=\"column\">\n\t\t\t<div class=\"elementor-widget-wrap elementor-element-populated\">\n\t\t\t\t\t\t<div class=\"elementor-element elementor-element-795c6a36 elementor-view-stacked elementor-shape-square elementor-widget elementor-widget-icon\" data-id=\"795c6a36\" data-element_type=\"widget\" data-e-type=\"widget\" data-widget_type=\"icon.default\">\n\t\t\t\t<div class=\"elementor-widget-container\">\n\t\t\t\t\t\t\t<div class=\"elementor-icon-wrapper\">\n\t\t\t<div class=\"elementor-icon\">\n\t\t\t<svg aria-hidden=\"true\" class=\"e-font-icon-svg e-fas-plane-departure\" viewBox=\"0 0 640 512\" xmlns=\"http:\/\/www.w3.org\/2000\/svg\"><path d=\"M624 448H16c-8.84 0-16 7.16-16 16v32c0 8.84 7.16 16 16 16h608c8.84 0 16-7.16 16-16v-32c0-8.84-7.16-16-16-16zM80.55 341.27c6.28 6.84 15.1 10.72 24.33 10.71l130.54-.18a65.62 65.62 0 0 0 29.64-7.12l290.96-147.65c26.74-13.57 50.71-32.94 67.02-58.31 18.31-28.48 20.3-49.09 13.07-63.65-7.21-14.57-24.74-25.27-58.25-27.45-29.85-1.94-59.54 5.92-86.28 19.48l-98.51 49.99-218.7-82.06a17.799 17.799 0 0 0-18-1.11L90.62 67.29c-10.67 5.41-13.25 19.65-5.17 28.53l156.22 98.1-103.21 52.38-72.35-36.47a17.804 17.804 0 0 0-16.07.02L9.91 230.22c-10.44 5.3-13.19 19.12-5.57 28.08l76.21 82.97z\"><\/path><\/svg>\t\t\t<\/div>\n\t\t<\/div>\n\t\t\t\t\t\t<\/div>\n\t\t\t\t<\/div>\n\t\t\t\t<div class=\"elementor-element elementor-element-435fb0fe elementor-widget elementor-widget-counter\" data-id=\"435fb0fe\" data-element_type=\"widget\" data-e-type=\"widget\" data-widget_type=\"counter.default\">\n\t\t\t\t<div class=\"elementor-widget-container\">\n\t\t\t\t\t\t\t<div class=\"elementor-counter\">\n\t\t\t<div class=\"elementor-counter-title\">vols par an<\/div>\t\t\t<div class=\"elementor-counter-number-wrapper\">\n\t\t\t\t<span class=\"elementor-counter-number-prefix\"><\/span>\n\t\t\t\t<span class=\"elementor-counter-number\" data-duration=\"2000\" data-to-value=\"50000\" data-from-value=\"0\" data-delimiter=\",\">0<\/span>\n\t\t\t\t<span class=\"elementor-counter-number-suffix\"><\/span>\n\t\t\t<\/div>\n\t\t<\/div>\n\t\t\t\t\t\t<\/div>\n\t\t\t\t<\/div>\n\t\t\t\t\t<\/div>\n\t\t<\/div>\n\t\t\t\t<div class=\"elementor-column elementor-col-33 elementor-inner-column elementor-element elementor-element-4927b96\" data-id=\"4927b96\" data-element_type=\"column\" data-e-type=\"column\">\n\t\t\t<div class=\"elementor-widget-wrap elementor-element-populated\">\n\t\t\t\t\t\t<div class=\"elementor-element elementor-element-6d63f3be elementor-view-stacked elementor-shape-square elementor-widget elementor-widget-icon\" data-id=\"6d63f3be\" data-element_type=\"widget\" data-e-type=\"widget\" data-widget_type=\"icon.default\">\n\t\t\t\t<div class=\"elementor-widget-container\">\n\t\t\t\t\t\t\t<div class=\"elementor-icon-wrapper\">\n\t\t\t<div class=\"elementor-icon\">\n\t\t\t<svg aria-hidden=\"true\" class=\"e-font-icon-svg e-fas-chart-bar\" viewBox=\"0 0 512 512\" xmlns=\"http:\/\/www.w3.org\/2000\/svg\"><path d=\"M332.8 320h38.4c6.4 0 12.8-6.4 12.8-12.8V172.8c0-6.4-6.4-12.8-12.8-12.8h-38.4c-6.4 0-12.8 6.4-12.8 12.8v134.4c0 6.4 6.4 12.8 12.8 12.8zm96 0h38.4c6.4 0 12.8-6.4 12.8-12.8V76.8c0-6.4-6.4-12.8-12.8-12.8h-38.4c-6.4 0-12.8 6.4-12.8 12.8v230.4c0 6.4 6.4 12.8 12.8 12.8zm-288 0h38.4c6.4 0 12.8-6.4 12.8-12.8v-70.4c0-6.4-6.4-12.8-12.8-12.8h-38.4c-6.4 0-12.8 6.4-12.8 12.8v70.4c0 6.4 6.4 12.8 12.8 12.8zm96 0h38.4c6.4 0 12.8-6.4 12.8-12.8V108.8c0-6.4-6.4-12.8-12.8-12.8h-38.4c-6.4 0-12.8 6.4-12.8 12.8v198.4c0 6.4 6.4 12.8 12.8 12.8zM496 384H64V80c0-8.84-7.16-16-16-16H16C7.16 64 0 71.16 0 80v336c0 17.67 14.33 32 32 32h464c8.84 0 16-7.16 16-16v-32c0-8.84-7.16-16-16-16z\"><\/path><\/svg>\t\t\t<\/div>\n\t\t<\/div>\n\t\t\t\t\t\t<\/div>\n\t\t\t\t<\/div>\n\t\t\t\t<div class=\"elementor-element elementor-element-49fd0a03 elementor-widget elementor-widget-counter\" data-id=\"49fd0a03\" data-element_type=\"widget\" data-e-type=\"widget\" data-widget_type=\"counter.default\">\n\t\t\t\t<div class=\"elementor-widget-container\">\n\t\t\t\t\t\t\t<div class=\"elementor-counter\">\n\t\t\t<div class=\"elementor-counter-title\">de passagers par an<\/div>\t\t\t<div class=\"elementor-counter-number-wrapper\">\n\t\t\t\t<span class=\"elementor-counter-number-prefix\"><\/span>\n\t\t\t\t<span class=\"elementor-counter-number\" data-duration=\"2000\" data-to-value=\"5\" data-from-value=\"0\" data-delimiter=\",\">0<\/span>\n\t\t\t\t<span class=\"elementor-counter-number-suffix\">M<\/span>\n\t\t\t<\/div>\n\t\t<\/div>\n\t\t\t\t\t\t<\/div>\n\t\t\t\t<\/div>\n\t\t\t\t\t<\/div>\n\t\t<\/div>\n\t\t\t\t\t<\/div>\n\t\t<\/section>\n\t\t\t\t\t<\/div>\n\t\t<\/div>\n\t\t\t\t\t<\/div>\n\t\t<\/section>\n\t\t\t\t<\/div>\n\t\t","protected":false},"excerpt":{"rendered":"<p>Compagnies A\u00e9riennes Une liste compl\u00e8te de toutes les compagnies a\u00e9riennes desservies par l\u2019a\u00e9roport international de Duba\u00ef A\u00e9roport international de Duba\u00ef &gt; Vols &gt; Compagnies a\u00e9riennes Compagnies a\u00e9riennes op\u00e9rant \u00e0 l&rsquo;A\u00e9roport international de Duba\u00ef L&rsquo;a\u00e9roport international de Duba\u00ef est l&rsquo;un des plus importants hubs a\u00e9riens du Moyen-Orient, g\u00e9rant la majorit\u00e9 des vols \u00e0 destination et en [&hellip;]<\/p>\n","protected":false},"author":1,"featured_media":0,"parent":153,"menu_order":0,"comment_status":"closed","ping_status":"closed","template":"","meta":{"_joinchat":[],"footnotes":""},"class_list":["post-232","page","type-page","status-publish","hentry"],"_links":{"self":[{"href":"https:\/\/aeroport-dubai.com\/en\/wp-json\/wp\/v2\/pages\/232","targetHints":{"allow":["GET"]}}],"collection":[{"href":"https:\/\/aeroport-dubai.com\/en\/wp-json\/wp\/v2\/pages"}],"about":[{"href":"https:\/\/aeroport-dubai.com\/en\/wp-json\/wp\/v2\/types\/page"}],"author":[{"embeddable":true,"href":"https:\/\/aeroport-dubai.com\/en\/wp-json\/wp\/v2\/users\/1"}],"replies":[{"embeddable":true,"href":"https:\/\/aeroport-dubai.com\/en\/wp-json\/wp\/v2\/comments?post=232"}],"version-history":[{"count":16,"href":"https:\/\/aeroport-dubai.com\/en\/wp-json\/wp\/v2\/pages\/232\/revisions"}],"predecessor-version":[{"id":800,"href":"https:\/\/aeroport-dubai.com\/en\/wp-json\/wp\/v2\/pages\/232\/revisions\/800"}],"up":[{"embeddable":true,"href":"https:\/\/aeroport-dubai.com\/en\/wp-json\/wp\/v2\/pages\/153"}],"wp:attachment":[{"href":"https:\/\/aeroport-dubai.com\/en\/wp-json\/wp\/v2\/media?parent=232"}],"curies":[{"name":"wp","href":"https:\/\/api.w.org\/{rel}","templated":true}]}}